{"id":14,"date":"2021-11-11T15:26:23","date_gmt":"2021-11-11T15:26:23","guid":{"rendered":"http:\/\/mitosjoyeria.com\/inicio\/"},"modified":"2021-11-15T17:38:26","modified_gmt":"2021-11-15T17:38:26","slug":"inicio","status":"publish","type":"page","link":"https:\/\/mitosjoyeria.com\/","title":{"rendered":""},"content":{"rendered":"\n<div class=\"wp-block-coblocks-accordion\">\n<div class=\"wp-block-coblocks-accordion-item\"><details open><summary class=\"wp-block-coblocks-accordion-item__title has-background has-light-green-cyan-background-color\">Telefono: +51 901 514 118         <br>    Correo:  ventas@mitosjoyeria.com<\/summary><div class=\"wp-block-coblocks-accordion-item__content\" style=\"border-color:#7bdcb5\" tabindex=\"0\">\n<p><\/p>\n<\/div><\/details><\/div>\n<\/div>\n\n\n\n<div aria-label=\"Carousel Gallery\" class=\"wp-block-coblocks-gallery-carousel alignwide\"><div class=\"is-cropped coblocks-gallery has-caption-style-dark\"><div class=\"has-carousel has-carousel-xlrg has-nav-e9ce023f\" style=\"height:855px\" data-flickity=\"{&quot;autoPlay&quot;:2000,&quot;draggable&quot;:false,&quot;pageDots&quot;:false,&quot;prevNextButtons&quot;:true,&quot;wrapAround&quot;:true,&quot;cellAlign&quot;:&quot;center&quot;,&quot;pauseAutoPlayOnHover&quot;:false,&quot;freeScroll&quot;:false,&quot;arrowShape&quot;:{&quot;x0&quot;:10,&quot;x1&quot;:60,&quot;y1&quot;:50,&quot;x2&quot;:65,&quot;y2&quot;:45,&quot;x3&quot;:20},&quot;thumbnails&quot;:true,&quot;responsiveHeight&quot;:false}\"><div class=\"coblocks-gallery--item\"><figure class=\"coblocks-gallery--figure\"><img loading=\"lazy\" width=\"1024\" height=\"877\" src=\"http:\/\/mitosjoyeria.com\/wp-content\/uploads\/2021\/11\/foto-3-1-1024x877.jpg\" alt=\"\" data-id=\"196\" data-link=\"http:\/\/mitosjoyeria.com\/?attachment_id=196\" class=\"wp-image-196\" srcset=\"https:\/\/mitosjoyeria.com\/wp-content\/uploads\/2021\/11\/foto-3-1-1024x877.jpg 1024w, https:\/\/mitosjoyeria.com\/wp-content\/uploads\/2021\/11\/foto-3-1-300x257.jpg 300w, https:\/\/mitosjoyeria.com\/wp-content\/uploads\/2021\/11\/foto-3-1-768x658.jpg 768w, https:\/\/mitosjoyeria.com\/wp-content\/uploads\/2021\/11\/foto-3-1-1536x1316.jpg 1536w, https:\/\/mitosjoyeria.com\/wp-content\/uploads\/2021\/11\/foto-3-1-70x60.jpg 70w, https:\/\/mitosjoyeria.com\/wp-content\/uploads\/2021\/11\/foto-3-1.jpg 1654w\" sizes=\"(max-width: 1024px) 100vw, 1024px\" \/><\/figure><\/div><div class=\"coblocks-gallery--item\"><figure class=\"coblocks-gallery--figure\"><img loading=\"lazy\" width=\"561\" height=\"434\" src=\"http:\/\/mitosjoyeria.com\/wp-content\/uploads\/2021\/11\/77-1.png\" alt=\"\" data-id=\"111\" data-link=\"http:\/\/mitosjoyeria.com\/?attachment_id=111\" class=\"wp-image-111\" srcset=\"https:\/\/mitosjoyeria.com\/wp-content\/uploads\/2021\/11\/77-1.png 561w, https:\/\/mitosjoyeria.com\/wp-content\/uploads\/2021\/11\/77-1-300x232.png 300w, https:\/\/mitosjoyeria.com\/wp-content\/uploads\/2021\/11\/77-1-78x60.png 78w\" sizes=\"(max-width: 561px) 100vw, 561px\" \/><\/figure><\/div><div class=\"coblocks-gallery--item\"><figure class=\"coblocks-gallery--figure\"><img loading=\"lazy\" width=\"1024\" height=\"768\" src=\"http:\/\/mitosjoyeria.com\/wp-content\/uploads\/2021\/11\/37-1-1024x768.png\" alt=\"\" data-id=\"113\" data-link=\"http:\/\/mitosjoyeria.com\/?attachment_id=113\" class=\"wp-image-113\" srcset=\"https:\/\/mitosjoyeria.com\/wp-content\/uploads\/2021\/11\/37-1-1024x768.png 1024w, https:\/\/mitosjoyeria.com\/wp-content\/uploads\/2021\/11\/37-1-300x225.png 300w, https:\/\/mitosjoyeria.com\/wp-content\/uploads\/2021\/11\/37-1-768x576.png 768w, https:\/\/mitosjoyeria.com\/wp-content\/uploads\/2021\/11\/37-1-1536x1152.png 1536w, https:\/\/mitosjoyeria.com\/wp-content\/uploads\/2021\/11\/37-1-2048x1535.png 2048w, https:\/\/mitosjoyeria.com\/wp-content\/uploads\/2021\/11\/37-1-80x60.png 80w\" sizes=\"(max-width: 1024px) 100vw, 1024px\" \/><\/figure><\/div><div class=\"coblocks-gallery--item\"><figure class=\"coblocks-gallery--figure\"><img loading=\"lazy\" width=\"1024\" height=\"816\" src=\"http:\/\/mitosjoyeria.com\/wp-content\/uploads\/2021\/11\/22-1024x816.png\" alt=\"\" data-id=\"115\" data-link=\"http:\/\/mitosjoyeria.com\/?attachment_id=115\" class=\"wp-image-115\" srcset=\"https:\/\/mitosjoyeria.com\/wp-content\/uploads\/2021\/11\/22-1024x816.png 1024w, https:\/\/mitosjoyeria.com\/wp-content\/uploads\/2021\/11\/22-300x239.png 300w, https:\/\/mitosjoyeria.com\/wp-content\/uploads\/2021\/11\/22-768x612.png 768w, https:\/\/mitosjoyeria.com\/wp-content\/uploads\/2021\/11\/22-1536x1224.png 1536w, https:\/\/mitosjoyeria.com\/wp-content\/uploads\/2021\/11\/22-75x60.png 75w, https:\/\/mitosjoyeria.com\/wp-content\/uploads\/2021\/11\/22.png 1943w\" sizes=\"(max-width: 1024px) 100vw, 1024px\" \/><\/figure><\/div><div class=\"coblocks-gallery--item\"><figure class=\"coblocks-gallery--figure\"><img loading=\"lazy\" width=\"1024\" height=\"882\" src=\"http:\/\/mitosjoyeria.com\/wp-content\/uploads\/2021\/11\/25-1-1024x882.png\" alt=\"\" data-id=\"121\" data-link=\"http:\/\/mitosjoyeria.com\/?attachment_id=121\" class=\"wp-image-121\" srcset=\"https:\/\/mitosjoyeria.com\/wp-content\/uploads\/2021\/11\/25-1-1024x882.png 1024w, https:\/\/mitosjoyeria.com\/wp-content\/uploads\/2021\/11\/25-1-300x258.png 300w, https:\/\/mitosjoyeria.com\/wp-content\/uploads\/2021\/11\/25-1-768x662.png 768w, https:\/\/mitosjoyeria.com\/wp-content\/uploads\/2021\/11\/25-1-1536x1323.png 1536w, https:\/\/mitosjoyeria.com\/wp-content\/uploads\/2021\/11\/25-1-70x60.png 70w, https:\/\/mitosjoyeria.com\/wp-content\/uploads\/2021\/11\/25-1.png 1971w\" sizes=\"(max-width: 1024px) 100vw, 1024px\" \/><\/figure><\/div><div class=\"coblocks-gallery--item\"><figure class=\"coblocks-gallery--figure\"><img loading=\"lazy\" width=\"1024\" height=\"923\" src=\"http:\/\/mitosjoyeria.com\/wp-content\/uploads\/2021\/11\/arito-mooon-1024x923.jpg\" alt=\"\" data-id=\"201\" data-link=\"http:\/\/mitosjoyeria.com\/?attachment_id=201\" class=\"wp-image-201\" srcset=\"https:\/\/mitosjoyeria.com\/wp-content\/uploads\/2021\/11\/arito-mooon-1024x923.jpg 1024w, https:\/\/mitosjoyeria.com\/wp-content\/uploads\/2021\/11\/arito-mooon-300x271.jpg 300w, https:\/\/mitosjoyeria.com\/wp-content\/uploads\/2021\/11\/arito-mooon-768x693.jpg 768w, https:\/\/mitosjoyeria.com\/wp-content\/uploads\/2021\/11\/arito-mooon-67x60.jpg 67w, https:\/\/mitosjoyeria.com\/wp-content\/uploads\/2021\/11\/arito-mooon.jpg 1110w\" sizes=\"(max-width: 1024px) 100vw, 1024px\" \/><\/figure><\/div><\/div><div class=\"carousel-nav\" data-flickity=\"{&quot;asNavFor&quot;:&quot;.has-nav-e9ce023f&quot;,&quot;autoPlay&quot;:false,&quot;contain&quot;:true,&quot;cellAlign&quot;:&quot;left&quot;,&quot;pageDots&quot;:false,&quot;thumbnails&quot;:false,&quot;draggable&quot;:false,&quot;prevNextButtons&quot;:false,&quot;wrapAround&quot;:false}\"><div class=\"coblocks--item-thumbnail\"><figure class=\"coblocks--figure\"><img src=\"http:\/\/mitosjoyeria.com\/wp-content\/uploads\/2021\/11\/foto-3-1-1024x877.jpg\" alt=\"\" data-id=\"196\" data-link=\"http:\/\/mitosjoyeria.com\/?attachment_id=196\"\/><\/figure><\/div><div class=\"coblocks--item-thumbnail\"><figure class=\"coblocks--figure\"><img src=\"http:\/\/mitosjoyeria.com\/wp-content\/uploads\/2021\/11\/77-1.png\" alt=\"\" data-id=\"111\" data-link=\"http:\/\/mitosjoyeria.com\/?attachment_id=111\"\/><\/figure><\/div><div class=\"coblocks--item-thumbnail\"><figure class=\"coblocks--figure\"><img src=\"http:\/\/mitosjoyeria.com\/wp-content\/uploads\/2021\/11\/37-1-1024x768.png\" alt=\"\" data-id=\"113\" data-link=\"http:\/\/mitosjoyeria.com\/?attachment_id=113\"\/><\/figure><\/div><div class=\"coblocks--item-thumbnail\"><figure class=\"coblocks--figure\"><img src=\"http:\/\/mitosjoyeria.com\/wp-content\/uploads\/2021\/11\/22-1024x816.png\" alt=\"\" data-id=\"115\" data-link=\"http:\/\/mitosjoyeria.com\/?attachment_id=115\"\/><\/figure><\/div><div class=\"coblocks--item-thumbnail\"><figure class=\"coblocks--figure\"><img src=\"http:\/\/mitosjoyeria.com\/wp-content\/uploads\/2021\/11\/25-1-1024x882.png\" alt=\"\" data-id=\"121\" data-link=\"http:\/\/mitosjoyeria.com\/?attachment_id=121\"\/><\/figure><\/div><div class=\"coblocks--item-thumbnail\"><figure class=\"coblocks--figure\"><img src=\"http:\/\/mitosjoyeria.com\/wp-content\/uploads\/2021\/11\/arito-mooon-1024x923.jpg\" alt=\"\" data-id=\"201\" data-link=\"http:\/\/mitosjoyeria.com\/?attachment_id=201\"\/><\/figure><\/div><\/div><\/div><\/div>\n\n\n\n<blockquote class=\"wp-block-quote has-text-align-center\"><p><\/p><p><\/p><p> <\/p><\/blockquote>\n\n\n\n<figure class=\"wp-block-gallery alignfull columns-0 is-cropped\"><ul class=\"blocks-gallery-grid\"><\/ul><\/figure>\n\n\n\n<h1 class=\"has-text-align-center has-custom-font\" style=\"font-family:Heebo\">Bienvenidos a Mitos Joyer\u00eda<\/h1>\n\n\n\n<blockquote class=\"wp-block-quote has-text-align-center\"><p><strong>Nacimos para transmitir lo hermoso de nuestra cultura, creando joyas de excelente calidad<\/strong><\/p><\/blockquote>\n\n\n\n<div class=\"wp-block-cover alignfull has-background-dim\" style=\"min-height:520px\"><img loading=\"lazy\" width=\"1890\" height=\"1537\" class=\"wp-block-cover__image-background wp-image-151\" alt=\"\" src=\"http:\/\/mitosjoyeria.com\/wp-content\/uploads\/2021\/11\/hojas-listas-123.png\" data-object-fit=\"cover\" srcset=\"https:\/\/mitosjoyeria.com\/wp-content\/uploads\/2021\/11\/hojas-listas-123.png 1890w, https:\/\/mitosjoyeria.com\/wp-content\/uploads\/2021\/11\/hojas-listas-123-300x244.png 300w, https:\/\/mitosjoyeria.com\/wp-content\/uploads\/2021\/11\/hojas-listas-123-1024x833.png 1024w, https:\/\/mitosjoyeria.com\/wp-content\/uploads\/2021\/11\/hojas-listas-123-768x625.png 768w, https:\/\/mitosjoyeria.com\/wp-content\/uploads\/2021\/11\/hojas-listas-123-1536x1249.png 1536w, https:\/\/mitosjoyeria.com\/wp-content\/uploads\/2021\/11\/hojas-listas-123-74x60.png 74w\" sizes=\"(max-width: 1890px) 100vw, 1890px\" \/><div class=\"wp-block-cover__inner-container\">\n<p class=\"has-text-align-center has-large-font-size\">We Love The Pearl<\/p>\n\n\n\n<div class=\"wp-block-columns\">\n<div class=\"wp-block-column\">\n<figure class=\"wp-block-image size-large\"><img loading=\"lazy\" width=\"1024\" height=\"1024\" src=\"http:\/\/mitosjoyeria.com\/wp-content\/uploads\/2021\/11\/arete-listo-para-post-1-1-1024x1024.jpg\" alt=\"\" class=\"wp-image-146\" srcset=\"https:\/\/mitosjoyeria.com\/wp-content\/uploads\/2021\/11\/arete-listo-para-post-1-1-1024x1024.jpg 1024w, https:\/\/mitosjoyeria.com\/wp-content\/uploads\/2021\/11\/arete-listo-para-post-1-1-300x300.jpg 300w, https:\/\/mitosjoyeria.com\/wp-content\/uploads\/2021\/11\/arete-listo-para-post-1-1-150x150.jpg 150w, https:\/\/mitosjoyeria.com\/wp-content\/uploads\/2021\/11\/arete-listo-para-post-1-1-768x768.jpg 768w, https:\/\/mitosjoyeria.com\/wp-content\/uploads\/2021\/11\/arete-listo-para-post-1-1-60x60.jpg 60w, https:\/\/mitosjoyeria.com\/wp-content\/uploads\/2021\/11\/arete-listo-para-post-1-1.jpg 1200w\" sizes=\"(max-width: 1024px) 100vw, 1024px\" \/><\/figure>\n<\/div>\n\n\n\n<div class=\"wp-block-column\">\n<figure class=\"wp-block-video\"><video controls src=\"http:\/\/mitosjoyeria.com\/wp-content\/uploads\/2021\/11\/publicacion-mitos-3.mp4\"><\/video><\/figure>\n<\/div>\n\n\n\n<div class=\"wp-block-column\">\n<figure class=\"wp-block-image size-large\"><img loading=\"lazy\" width=\"1024\" height=\"1024\" src=\"http:\/\/mitosjoyeria.com\/wp-content\/uploads\/2021\/11\/anilloa-amatista-1-1024x1024.jpg\" alt=\"\" class=\"wp-image-147\" srcset=\"https:\/\/mitosjoyeria.com\/wp-content\/uploads\/2021\/11\/anilloa-amatista-1-1024x1024.jpg 1024w, https:\/\/mitosjoyeria.com\/wp-content\/uploads\/2021\/11\/anilloa-amatista-1-300x300.jpg 300w, https:\/\/mitosjoyeria.com\/wp-content\/uploads\/2021\/11\/anilloa-amatista-1-150x150.jpg 150w, https:\/\/mitosjoyeria.com\/wp-content\/uploads\/2021\/11\/anilloa-amatista-1-768x768.jpg 768w, https:\/\/mitosjoyeria.com\/wp-content\/uploads\/2021\/11\/anilloa-amatista-1-60x60.jpg 60w, https:\/\/mitosjoyeria.com\/wp-content\/uploads\/2021\/11\/anilloa-amatista-1.jpg 1200w\" sizes=\"(max-width: 1024px) 100vw, 1024px\" \/><\/figure>\n<\/div>\n<\/div>\n<\/div><\/div>\n\n\n\n<p><\/p>\n\n\n\n<h1 class=\"has-text-align-center has-custom-font\" style=\"font-family:Heebo\">\u00bfQui\u00e9nes Somos?<\/h1>\n\n\n\n<figure class=\"wp-block-image alignwide size-large\"><img loading=\"lazy\" width=\"1024\" height=\"248\" src=\"http:\/\/mitosjoyeria.com\/wp-content\/uploads\/2021\/11\/portada-1-1024x248.jpg\" alt=\"\" class=\"wp-image-193\" srcset=\"https:\/\/mitosjoyeria.com\/wp-content\/uploads\/2021\/11\/portada-1-1024x248.jpg 1024w, https:\/\/mitosjoyeria.com\/wp-content\/uploads\/2021\/11\/portada-1-300x73.jpg 300w, https:\/\/mitosjoyeria.com\/wp-content\/uploads\/2021\/11\/portada-1-768x186.jpg 768w, https:\/\/mitosjoyeria.com\/wp-content\/uploads\/2021\/11\/portada-1-1536x372.jpg 1536w, https:\/\/mitosjoyeria.com\/wp-content\/uploads\/2021\/11\/portada-1-248x60.jpg 248w, https:\/\/mitosjoyeria.com\/wp-content\/uploads\/2021\/11\/portada-1.jpg 1940w\" sizes=\"(max-width: 1024px) 100vw, 1024px\" \/><figcaption>Somos una empresa dise\u00f1adora, fabricante y exportadora de joyas; adem\u00e1s utilizamos elementos que la naturaleza nos brinda para combinarlas , permitiendonos inspirarnos para transmitir y compartir lo hermoso de nuestra cultura . Todo ello se trabaja en conjunto con armon\u00eda y pasi\u00f3n; para crear piezas de arte de excelente calidad, donde se resalta la belleza natural de nuestros recursos; rescatando y manteniendo vivo el arte ancestral de nuestros artistas y artesanos. <\/figcaption><\/figure>\n\n\n\n<p class=\"has-text-align-center has-custom-font\" style=\"font-family:Heebo;font-size:57px\"><strong>Valores<\/strong><\/p>\n\n\n\n<div class=\"wp-block-columns\">\n<div class=\"wp-block-column\">\n<div class=\"wp-block-image\"><figure class=\"alignleft size-large is-resized\"><img loading=\"lazy\" src=\"http:\/\/mitosjoyeria.com\/wp-content\/uploads\/2021\/11\/21-2-861x1024.png\" alt=\"\" class=\"wp-image-164\" width=\"381\" height=\"452\" srcset=\"https:\/\/mitosjoyeria.com\/wp-content\/uploads\/2021\/11\/21-2-861x1024.png 861w, https:\/\/mitosjoyeria.com\/wp-content\/uploads\/2021\/11\/21-2-252x300.png 252w, https:\/\/mitosjoyeria.com\/wp-content\/uploads\/2021\/11\/21-2-768x913.png 768w, https:\/\/mitosjoyeria.com\/wp-content\/uploads\/2021\/11\/21-2-1292x1536.png 1292w, https:\/\/mitosjoyeria.com\/wp-content\/uploads\/2021\/11\/21-2-1722x2048.png 1722w, https:\/\/mitosjoyeria.com\/wp-content\/uploads\/2021\/11\/21-2-50x60.png 50w, https:\/\/mitosjoyeria.com\/wp-content\/uploads\/2021\/11\/21-2.png 1772w\" sizes=\"(max-width: 381px) 100vw, 381px\" \/><\/figure><\/div>\n\n\n\n<p class=\"has-text-align-left\">ARMON\u00cdA<\/p>\n<\/div>\n\n\n\n<div class=\"wp-block-column\">\n<div class=\"wp-block-image\"><figure class=\"aligncenter size-large\"><img loading=\"lazy\" width=\"1024\" height=\"1024\" src=\"http:\/\/mitosjoyeria.com\/wp-content\/uploads\/2021\/11\/aretes-pachamama-2-1024x1024.jpg\" alt=\"\" class=\"wp-image-159\" srcset=\"https:\/\/mitosjoyeria.com\/wp-content\/uploads\/2021\/11\/aretes-pachamama-2-1024x1024.jpg 1024w, https:\/\/mitosjoyeria.com\/wp-content\/uploads\/2021\/11\/aretes-pachamama-2-300x300.jpg 300w, https:\/\/mitosjoyeria.com\/wp-content\/uploads\/2021\/11\/aretes-pachamama-2-150x150.jpg 150w, https:\/\/mitosjoyeria.com\/wp-content\/uploads\/2021\/11\/aretes-pachamama-2-768x768.jpg 768w, https:\/\/mitosjoyeria.com\/wp-content\/uploads\/2021\/11\/aretes-pachamama-2-60x60.jpg 60w, https:\/\/mitosjoyeria.com\/wp-content\/uploads\/2021\/11\/aretes-pachamama-2.jpg 1200w\" sizes=\"(max-width: 1024px) 100vw, 1024px\" \/><\/figure><\/div>\n\n\n\n<p class=\"has-text-align-center\">PASI\u00d3N<\/p>\n<\/div>\n\n\n\n<div class=\"wp-block-column\">\n<div class=\"wp-block-image\"><figure class=\"alignright size-full\"><img loading=\"lazy\" width=\"586\" height=\"656\" src=\"http:\/\/mitosjoyeria.com\/wp-content\/uploads\/2021\/11\/b-copia.png\" alt=\"\" class=\"wp-image-160\" srcset=\"https:\/\/mitosjoyeria.com\/wp-content\/uploads\/2021\/11\/b-copia.png 586w, https:\/\/mitosjoyeria.com\/wp-content\/uploads\/2021\/11\/b-copia-268x300.png 268w, https:\/\/mitosjoyeria.com\/wp-content\/uploads\/2021\/11\/b-copia-54x60.png 54w\" sizes=\"(max-width: 586px) 100vw, 586px\" \/><\/figure><\/div>\n\n\n\n<p class=\"has-text-align-center\">RECIPROCIDAD<\/p>\n\n\n\n<p><\/p>\n\n\n\n<p><\/p>\n\n\n\n<p><\/p>\n<\/div>\n<\/div>\n\n\n\n<div class=\"wp-block-cover alignwide has-background-dim\" id=\"https:\/\/mitos-joyeria.juntoz.com\/p\/arete-colonial-en-plata-950-y-perlas-pr3-11882763ab9perlas10207202010223010946\"><img loading=\"lazy\" width=\"814\" height=\"558\" class=\"wp-block-cover__image-background wp-image-179\" alt=\"\" src=\"http:\/\/mitosjoyeria.com\/wp-content\/uploads\/2021\/11\/6a3fb9_6471a6620424481aa49af9bf6e8f74ce-5.png\" data-object-fit=\"cover\" srcset=\"https:\/\/mitosjoyeria.com\/wp-content\/uploads\/2021\/11\/6a3fb9_6471a6620424481aa49af9bf6e8f74ce-5.png 814w, https:\/\/mitosjoyeria.com\/wp-content\/uploads\/2021\/11\/6a3fb9_6471a6620424481aa49af9bf6e8f74ce-5-300x206.png 300w, https:\/\/mitosjoyeria.com\/wp-content\/uploads\/2021\/11\/6a3fb9_6471a6620424481aa49af9bf6e8f74ce-5-768x526.png 768w, https:\/\/mitosjoyeria.com\/wp-content\/uploads\/2021\/11\/6a3fb9_6471a6620424481aa49af9bf6e8f74ce-5-88x60.png 88w\" sizes=\"(max-width: 814px) 100vw, 814px\" \/><div class=\"wp-block-cover__inner-container\">\n<p class=\"has-text-align-center has-large-font-size\">ACCEDE A NUESTRA TIENDA ONLINE<\/p>\n\n\n\n<div class=\"wp-block-buttons is-content-justification-center\" id=\"https:\/\/mitos-joyeria.juntoz.com\/\">\n<div class=\"wp-block-button is-style-fill\"><a class=\"wp-block-button__link has-white-color has-vivid-green-cyan-background-color has-text-color has-background\" href=\"https:\/\/mitos-joyeria.juntoz.com\/p\/arete-colonial-en-plata-950-y-perlas-pr3-11882763ab9perlas10207202010223010946\" target=\"_blank\" rel=\"noreferrer noopener\">VISITA NUESTRA TIENDA ONLINE<\/a><\/div>\n<\/div>\n<\/div><\/div>\n\n\n\n<p><\/p>\n\n\n\n<p><\/p>\n\n\n\n<p class=\"has-custom-font\" style=\"font-family:Heebo;font-size:49px\"><strong>Cont\u00e1ctanos<\/strong><\/p>\n\n\n\n\t\t<div class=\"coblocks-form\" id=\"e1651963f780ec1885a9b35a956421a04145cb32\">\n\n\t\t\t\n\t\t\t<form action=\"https:\/\/mitosjoyeria.com\/#e1651963f780ec1885a9b35a956421a04145cb32\" method=\"post\">\n\t\t\t\t\n<label for=\"nombre\" class=\"coblocks-label\">Nombre<\/label>\n\t\t<input type=\"hidden\" name=\"field-nombre[label]\" value=\"Nombre\">\n\n\t\t\t\t<input type=\"hidden\" id=\"name-field-id\" name=\"name-field-id\" class=\"coblocks-name-field-id\" value=\"field-nombre\" \/>\n\t\t\n\t\t<input type=\"text\" id=\"nombre\" name=\"field-nombre[value]\" class=\"coblocks-field coblocks-field--name\"  \/>\n\n\t\t\n\n<label for=\"correo-electronico\" class=\"coblocks-label\">Correo electr\u00f3nico <span class=\"required\">&#042;<\/span><\/label>\n\t\t<input type=\"hidden\" name=\"field-correo-electronico[label]\" value=\"Correo electr\u00f3nico\">\n\n\t\t\n\t\t<input type=\"hidden\" id=\"email-field-id\" name=\"email-field-id\" class=\"coblocks-email-field-id\" value=\"field-correo-electronico\" \/>\n\t\t<input type=\"email\" id=\"correo-electronico\" name=\"field-correo-electronico[value]\" class=\"coblocks-field coblocks-field--email\" required \/>\n\n\t\t\n\n<label for=\"mensaje\" class=\"coblocks-label\">Mensaje <span class=\"required\">&#042;<\/span><\/label>\n\t\t<input type=\"hidden\" name=\"field-mensaje[label]\" value=\"Mensaje\">\n\n\t\t\n\t\t<textarea name=\"field-mensaje[value]\" id=\"mensaje\" class=\"coblocks-field coblocks-textarea\" rows=\"20\" required><\/textarea>\n\n\t\t\n\n\n\t\t<div class=\"coblocks-form__submit wp-block-button\">\n\t\t\t<button type=\"submit\" class=\"wp-block-button__link\" style=\"\">Enviar<\/button>\n\t\t\t<input type=\"hidden\" id=\"form-submit\" name=\"form-submit\" value=\"64486f6b82\" \/><input type=\"hidden\" name=\"_wp_http_referer\" value=\"\/index.php?rest_route=%2Fwp%2Fv2%2Fpages%2F14\" \/>\t\t\t<input type=\"hidden\" name=\"action\" value=\"coblocks-form-submit\">\n\n\t\t\t\t\t<\/div>\n\n\t\t\n\t\t\t\t<input class=\"coblocks-field verify\" type=\"email\" name=\"coblocks-verify-email\" autocomplete=\"off\" placeholder=\"Correo electr\u00f3nico\" tabindex=\"-1\">\n\t\t\t\t<input type=\"hidden\" name=\"form-hash\" value=\"e1651963f780ec1885a9b35a956421a04145cb32\">\n\n\t\t\t\t\t\t\t<\/form>\n\n\t\t<\/div>\n\n\t\t\n\n\n<p class=\"has-text-align-center\" style=\"font-size:37px\"><strong>Vis\u00edtanos en:<\/strong><\/p>\n\n\n\n<p class=\"has-text-align-center\"><strong>Av. Petit Thouars N  5321 &#8211; Tienda 100<\/strong><\/p>\n\n\n\n<p class=\"has-text-align-center\"><strong>Miraflores &#8211; Lima &#8211; Per\u00fa<\/strong><\/p>\n\n\n\n<div style=\"min-height:400px\" data-map-attr=\"\/qaddress\/q:\/qAv. Petit Thouars 5321, Miraflores tienda 100\/q||\/qlat\/q:\/qundefined\/q||\/qlng\/q:\/qundefined\/q||\/qskin\/q:\/qstandard\/q||\/qzoom\/q:\/q12\/q||\/qiconSize\/q:\/q36\/q||\/qmapTypeControl\/q:\/qtrue\/q||\/qzoomControl\/q:\/qtrue\/q||\/qstreetViewControl\/q:\/qtrue\/q||\/qfullscreenControl\/q:\/qtrue\/q\" class=\"wp-block-coblocks-map\"><iframe title=\"Google Map\" frameborder=\"0\" style=\"width:100%;min-height:400px\" src=\"https:\/\/www.google.com\/maps?q=Av.%20Petit%20Thouars%205321%2C%20Miraflores%20tienda%20100&amp;output=embed&amp;hl=es&amp;z=12\"><\/iframe><\/div>\n\n\n\n<div class=\"wp-block-group\"><div class=\"wp-block-group__inner-container\"><div class=\"wp-block-coblocks-social wp-block-coblocks-social-profiles is-style-circular has-text-align-center has-colors has-button-size-med\" ><ul><li>\n\t\t\t\t\t<a href=\"https:\/\/www.facebook.com\/mitosjoyeria\/?ref=pages_you_manage\" class=\"wp-block-button__link wp-block-coblocks-social__button wp-block-coblocks-social__button--facebook     has-padding\" title=\"Facebook\" style=\"border-radius: 40px;padding:16px;\" >\n\t\t\t\t\t\t<span class=\"wp-block-coblocks-social__icon\" style=\"height:22px;width: 22px;\"><\/span>\n\t\t\t\t\t\t<span class=\"wp-block-coblocks-social__text\">Facebook<\/span>\n\t\t\t\t\t<\/a>\n\t\t\t\t<\/li><li>\n\t\t\t\t\t<a href=\"https:\/\/www.instagram.com\/mitosjoyeria\/?hl=es\" class=\"wp-block-button__link wp-block-coblocks-social__button wp-block-coblocks-social__button--instagram     has-padding\" title=\"Instagram\" style=\"border-radius: 40px;padding:16px;\" >\n\t\t\t\t\t\t<span class=\"wp-block-coblocks-social__icon\" style=\"height:22px;width: 22px;\"><\/span>\n\t\t\t\t\t\t<span class=\"wp-block-coblocks-social__text\">Instagram<\/span>\n\t\t\t\t\t<\/a>\n\t\t\t\t<\/li><\/ul><\/div><\/div><\/div>\n\n\n\n<figure class=\"wp-block-image alignfull size-full is-style-top-wave mb-0 mt-0\"><img loading=\"lazy\" width=\"960\" height=\"381\" src=\"http:\/\/mitosjoyeria.com\/wp-content\/uploads\/2021\/11\/73375583_2528348370582573_6125195333480742912_n.jpg\" alt=\"\" class=\"wp-image-175\" srcset=\"https:\/\/mitosjoyeria.com\/wp-content\/uploads\/2021\/11\/73375583_2528348370582573_6125195333480742912_n.jpg 960w, https:\/\/mitosjoyeria.com\/wp-content\/uploads\/2021\/11\/73375583_2528348370582573_6125195333480742912_n-300x119.jpg 300w, https:\/\/mitosjoyeria.com\/wp-content\/uploads\/2021\/11\/73375583_2528348370582573_6125195333480742912_n-768x305.jpg 768w, https:\/\/mitosjoyeria.com\/wp-content\/uploads\/2021\/11\/73375583_2528348370582573_6125195333480742912_n-151x60.jpg 151w\" sizes=\"(max-width: 960px) 100vw, 960px\" \/><\/figure>\n","protected":false},"excerpt":{"rendered":"<p>Bienvenidos a Mitos Joyer\u00eda Nacimos para transmitir lo hermoso de nuestra cultura, creando joyas de excelente calidad \u00bfQui\u00e9nes Somos? Valores ARMON\u00cdA PASI\u00d3N RECIPROCIDAD Cont\u00e1ctanos Vis\u00edtanos &hellip; <\/p>\n","protected":false},"author":1,"featured_media":0,"parent":0,"menu_order":0,"comment_status":"closed","ping_status":"closed","template":"","meta":{"_coblocks_attr":"Roboto,Abril Fatface,Helvetica,Arial,Georgia,Arvo,Asap Condensed,Barlow,Cormorant Garamond,Faustina,Fira Sans,IBM Plex Sans,Inconsolata,Heebo","_coblocks_dimensions":"","_coblocks_responsive_height":"","_coblocks_accordion_ie_support":""},"_links":{"self":[{"href":"https:\/\/mitosjoyeria.com\/index.php?rest_route=\/wp\/v2\/pages\/14"}],"collection":[{"href":"https:\/\/mitosjoyeria.com\/index.php?rest_route=\/wp\/v2\/pages"}],"about":[{"href":"https:\/\/mitosjoyeria.com\/index.php?rest_route=\/wp\/v2\/types\/page"}],"author":[{"embeddable":true,"href":"https:\/\/mitosjoyeria.com\/index.php?rest_route=\/wp\/v2\/users\/1"}],"replies":[{"embeddable":true,"href":"https:\/\/mitosjoyeria.com\/index.php?rest_route=%2Fwp%2Fv2%2Fcomments&post=14"}],"version-history":[{"count":63,"href":"https:\/\/mitosjoyeria.com\/index.php?rest_route=\/wp\/v2\/pages\/14\/revisions"}],"predecessor-version":[{"id":226,"href":"https:\/\/mitosjoyeria.com\/index.php?rest_route=\/wp\/v2\/pages\/14\/revisions\/226"}],"wp:attachment":[{"href":"https:\/\/mitosjoyeria.com\/index.php?rest_route=%2Fwp%2Fv2%2Fmedia&parent=14"}],"curies":[{"name":"wp","href":"https:\/\/api.w.org\/{rel}","templated":true}]}}